{"id":465,"date":"2017-02-09T05:49:18","date_gmt":"2017-02-09T05:49:18","guid":{"rendered":"http:\/\/localhost\/~anas\/techmarket\/index.php\/cart\/"},"modified":"2020-04-15T14:07:31","modified_gmt":"2020-04-15T11:07:31","slug":"about-us","status":"publish","type":"page","link":"https:\/\/discount-baustoff.de\/?page_id=465","title":{"rendered":"\u00dcber uns"},"content":{"rendered":"<section class=\"kc-elm kc-css-804501 kc_row\"><div class=\"kc-row-container  kc-container\"><div class=\"kc-wrap-columns\"><div class=\"kc-elm kc-css-221254 kc_col-sm-12 kc_column kc_col-sm-12\"><div class=\"kc-col-container\"><div id=\" \" class=\"kc-elm kc-css-213380 kc_row kc_row_inner about-features\"><div class=\"kc-elm kc-css-715318 kc_col-sm-4 kc_column_inner kc_col-sm-4\"><div class=\"kc_wrapper kc-col-inner-container\"><div class=\"kc-elm kc-css-561086 kc_shortcode kc_single_image\">\n\n        <img decoding=\"async\" src=\"https:\/\/discount-baustoff.de\/wp-content\/uploads\/2020\/04\/440e603885527849682a3bea7d1a4c6e.jpeg\" class=\"\" alt=\"\" \/>    <\/div>\n<div class=\"kc-elm kc-css-14332 kc_text_block\"><\/p>\n<p>Wir entwickeln und konstruieren Gartenh\u00e4user, Saunen, Saunah\u00e4user und Kinderspielger\u00e4te in unseren Werken in Deutschland, Estland und Rum\u00e4nien. Wir setzen auf den Rohstoff Holz un Metall und die vielen Vorteile, die dieser mit sich bringt.<\/p>\n<p>\n<\/div><\/div><\/div><div class=\"kc-elm kc-css-772582 kc_col-sm-4 kc_column_inner kc_col-sm-4\"><div class=\"kc_wrapper kc-col-inner-container\"><div class=\"kc-elm kc-css-162604 kc_shortcode kc_single_image\">\n\n        <img decoding=\"async\" src=\"https:\/\/discount-baustoff.de\/wp-content\/uploads\/2020\/04\/b2c25192d168308f9053d7733b7a418c.jpeg\" class=\"\" alt=\"\" \/>    <\/div>\n<div class=\"kc-elm kc-css-641003 kc_text_block\"><\/p>\n<p>Bereits seit vielen Jahren erfreuen sich Kunden aus der ganzen Welt \u00fcber die Produkte aus unserem Hause.<\/p>\n<p>So geh\u00f6ren ein hoher Qualit\u00e4tsanspruch, Funktionalit\u00e4t und einzigartiges Design genauso zu unseren Vorz\u00fcgen wie die Erstellung unserer Produkte \u201eMade in Germany\u201c.<\/p>\n<p>\n<\/div><\/div><\/div><div class=\"kc-elm kc-css-214742 kc_col-sm-4 kc_column_inner kc_col-sm-4\"><div class=\"kc_wrapper kc-col-inner-container\"><div class=\"kc-elm kc-css-405318 kc_shortcode kc_single_image\">\n\n        <img decoding=\"async\" src=\"https:\/\/discount-baustoff.de\/wp-content\/uploads\/2020\/04\/3362290.jpg\" class=\"\" alt=\"\" \/>    <\/div>\n<div class=\"kc-elm kc-css-752581 kc_text_block\"><\/p>\n<p>Unter der Marke \u201eDiscount Baustoff\u201c ist es uns m\u00f6glich produkte zu besonders ansprechenden Preisen zu verkaufen.<\/p>\n<p>\n<\/div><\/div><\/div><\/div><div id=\" \" class=\"kc-elm kc-css-332971 kc_row kc_row_inner\"><div class=\"kc-elm kc-css-82183 kc_col-sm-7 kc_column_inner kc_col-sm-7 text-boxes\"><div class=\"kc_wrapper kc-col-inner-container\"><div id=\" \" class=\"kc-elm kc-css-513930 kc_row kc_row_inner\"><div class=\"kc-elm kc-css-942509 kc_col-sm-6 kc_column_inner kc_col-sm-6\"><div class=\"kc_wrapper kc-col-inner-container\"><div class=\"kc-elm kc-css-28250 kc_text_block\"><\/p>\n<h3>Qualit\u00e4tssicherung &#8211; wir bauen auf Sicherheit<\/h3>\n<p>Vorgegebene Qualit\u00e4tsstandards der Lieferanten werden intern zus\u00e4tzlich nochmals durch unsere eigene Globus Fachm\u00e4rkte Qualit\u00e4tsicherungsabteilung gepr\u00fcft.<\/p>\n<p>Sicherheit, Gebrauchstauglichkeit und Umweltschutz sind dabei die wichtigsten Pr\u00fcfparameter.<\/p>\n<p>\n<\/div><div class=\"kc-elm kc-css-839727 kc_text_block\"><\/p>\n<h3>Umwelt- und Arbeitsschutz wird bei uns gro\u00dfgeschrieben<\/h3>\n<p>Bei den Discount Baustoff stehen der Umweltschutz und die Arbeitssicherheit im Fokus des t\u00e4glichen Handelns. Die F\u00f6rderung umweltschonender Produkte, eine umweltgerechte Entsorgung, die Optimierung der logistischen Vorg\u00e4nge im Unternehmen und die stetige Verbesserung der Arbeitssicherheit in allen Bereichen sind wichtige Ziele des Unternehmens.<\/p>\n<p>\n<\/div><\/div><\/div><div class=\"kc-elm kc-css-167841 kc_col-sm-6 kc_column_inner kc_col-sm-6\"><div class=\"kc_wrapper kc-col-inner-container\"><div class=\"kc-elm kc-css-313718 kc_text_block\"><\/p>\n<h3>Unsere Kunden stehen bei uns an erster Stelle<\/h3>\n<p>Nur durch unsere Kunden k\u00f6nnen wir erfolgreich sein.\u00a0Namenhafte Kundenzufriedenheitsstudien belegen, dass wir Kundenzufriedenheit gro\u00dfschreiben.<\/p>\n<p>Durch permanente und umfangreiche Mitarbeiterschulungen und -qualifizierungen gew\u00e4hrleisten wir eine kompetente und freundliche Beratung mit einem fachgerechten L\u00f6sungsangebot.<\/p>\n<p>Unsere freundlichen Mitarbeiter beraten Sie gerne und gut.<\/p>\n<p>\n<\/div><div class=\"kc-elm kc-css-355972 kc_text_block\"><\/p>\n<p>Unser Leitbild beschreibt die strategische Ausrichtung unseres Unternehmens im Kontext des Gesundheits-, Umwelt- und Arbeitsschutzes sowie der Energiepolitik basierend auf den Visionen und Strategien des \u201eErfolgskonzeptes der Discount Baustoff\u201c.<\/p>\n<p>\n<\/div><\/div><\/div><\/div><\/div><\/div><div class=\"kc-elm kc-css-39066 kc_col-sm-5 kc_column_inner kc_col-sm-5\"><div class=\"kc_wrapper kc-col-inner-container\"><div class=\"kc-elm kc-css-803056 kc_accordion_wrapper about-accordion\">\n    <h3 class=\"kc-accordion-title\">Unternehmensportrait<\/h3>\n<div class=\"kc-elm kc-css-480970 kc_accordion_section group \"><h3 class=\"kc_accordion_header ui-accordion-header\"><span class=\"ui-accordion-header-icon ui-icon\"><\/span><a href=\"#qualitat-tradition\" data-prevent=\"scroll\"><i class=\"fa-minus\"><\/i> Qualit\u00e4t &amp; Tradition<\/a><\/h3><div class=\"kc_accordion_content ui-accordion-content kc_clearfix\"><div class=\"kc-panel-body\"><div class=\"kc-elm kc-css-263336 kc_text_block\"><\/p>\n<p>Alle Bauteile der H\u00e4user werden mit gro\u00dfer Genauigkeit vorgefertigt.\u00a0Zwischen den verschiedenen Bearbeitungsstationen laufen die Elemente durch verschiedene Kontrollstationen.\u00a0Mit modernster Technik und mit fachm\u00e4nnischem Auge stellen wir sicher, dass nur einwandfreie Produkte unser Werk verlassen.<\/p>\n<p>\n<\/div><\/div><\/div><\/div><div class=\"kc-elm kc-css-388411 kc_accordion_section group \"><h3 class=\"kc_accordion_header ui-accordion-header\"><span class=\"ui-accordion-header-icon ui-icon\"><\/span><a href=\"#5-jahre-garantie\" data-prevent=\"scroll\"><i class=\"fa-plus\"><\/i> 5 Jahre Garantie<\/a><\/h3><div class=\"kc_accordion_content ui-accordion-content kc_clearfix\"><div class=\"kc-panel-body\"><div class=\"kc-elm kc-css-740252 kc_text_block\"><\/p>\n<p>Mit gutem Gewissen geben wir auf Konstruktion 5 Jahre Garantie.<\/p>\n<p>\n<\/div><\/div><\/div><\/div><div class=\"kc-elm kc-css-242576 kc_accordion_section group \"><h3 class=\"kc_accordion_header ui-accordion-header\"><span class=\"ui-accordion-header-icon ui-icon\"><\/span><a href=\"#schnelle-lieferung\" data-prevent=\"scroll\"><i class=\"fa-plus\"><\/i> Schnelle Lieferung<\/a><\/h3><div class=\"kc_accordion_content ui-accordion-content kc_clearfix\"><div class=\"kc-panel-body\"><div class=\"kc-elm kc-css-147336 kc_text_block\"><\/p>\n<p>Erfolgreicher Export in das gesamte europ\u00e4ische Ausland<\/p>\n<p>\n<\/div><\/div><\/div><\/div><div class=\"kc-elm kc-css-453453 kc_accordion_section group \"><h3 class=\"kc_accordion_header ui-accordion-header\"><span class=\"ui-accordion-header-icon ui-icon\"><\/span><a href=\"#technik-innovation\" data-prevent=\"scroll\"><i class=\"fa-plus\"><\/i> Technik &amp; Innovation<\/a><\/h3><div class=\"kc_accordion_content ui-accordion-content kc_clearfix\"><div class=\"kc-panel-body\"><div class=\"kc-elm kc-css-755801 kc_text_block\"><\/p>\n<p>In unseren Werken arbeiten die modernsten technischen Maschinen und Ger\u00e4te f\u00fcr uns: Das Holz durchl\u00e4uft eine optoelektrische Sortierung, die Beschichtung erfolgt mit Vakuumtechnik und wird durch Strahlung und Luft getrocknet.<br \/>\nUmweltschonende Rohstoffe, energiesparende Maschinen und ein geschlossener Stoffkreislauf innerhalb des Werkes sind f\u00fcr uns so selbstverst\u00e4ndlich wie eine wirtschaftliche Fertigung.<\/p>\n<p>\n<\/div><\/div><\/div><\/div><div class=\"kc-elm kc-css-740164 kc_accordion_section group \"><h3 class=\"kc_accordion_header ui-accordion-header\"><span class=\"ui-accordion-header-icon ui-icon\"><\/span><a href=\"#zufriedene-kunden\" data-prevent=\"scroll\"><i class=\"fa-plus\"><\/i> Zufriedene Kunden<\/a><\/h3><div class=\"kc_accordion_content ui-accordion-content kc_clearfix\"><div class=\"kc-panel-body\"><div class=\"kc-elm kc-css-478269 kc_text_block\"><\/p>\n<p>8000 Gartenh\u00e4user, Pools, Pavillons, Carports, Saunen, Infrarotkabinen und Kinderspielger\u00e4te aus eigener Produktion.<br \/>\nIR-geh\u00e4rtete Vakuumlackierung mit Zwischenschliff und Langzeitgarantie<br \/>\nPr\u00e4zisionshobeltechnik mit optoelektronischer Sortierung\/Optimierung<\/p>\n<p>\n<\/div><\/div><\/div><\/div><\/div>\n<\/div><\/div><\/div><\/div><\/div><\/div><\/div><\/section>\n","protected":false},"excerpt":{"rendered":"","protected":false},"author":1,"featured_media":7189,"parent":0,"menu_order":0,"comment_status":"closed","ping_status":"closed","template":"","meta":{"footnotes":""},"class_list":["post-465","page","type-page","status-publish","has-post-thumbnail","hentry"],"_links":{"self":[{"href":"https:\/\/discount-baustoff.de\/index.php?rest_route=\/wp\/v2\/pages\/465","targetHints":{"allow":["GET"]}}],"collection":[{"href":"https:\/\/discount-baustoff.de\/index.php?rest_route=\/wp\/v2\/pages"}],"about":[{"href":"https:\/\/discount-baustoff.de\/index.php?rest_route=\/wp\/v2\/types\/page"}],"author":[{"embeddable":true,"href":"https:\/\/discount-baustoff.de\/index.php?rest_route=\/wp\/v2\/users\/1"}],"replies":[{"embeddable":true,"href":"https:\/\/discount-baustoff.de\/index.php?rest_route=%2Fwp%2Fv2%2Fcomments&post=465"}],"version-history":[{"count":0,"href":"https:\/\/discount-baustoff.de\/index.php?rest_route=\/wp\/v2\/pages\/465\/revisions"}],"wp:featuredmedia":[{"embeddable":true,"href":"https:\/\/discount-baustoff.de\/index.php?rest_route=\/wp\/v2\/media\/7189"}],"wp:attachment":[{"href":"https:\/\/discount-baustoff.de\/index.php?rest_route=%2Fwp%2Fv2%2Fmedia&parent=465"}],"curies":[{"name":"wp","href":"https:\/\/api.w.org\/{rel}","templated":true}]}}